{"id":35,"date":"2019-01-18T20:40:28","date_gmt":"2019-01-18T19:40:28","guid":{"rendered":"http:\/\/bazicjazzband.fr\/?page_id=35"},"modified":"2025-02-13T22:14:23","modified_gmt":"2025-02-13T21:14:23","slug":"presentation-du-groupe","status":"publish","type":"page","link":"https:\/\/bazicjazzband.fr\/index.php\/presentation-du-groupe\/","title":{"rendered":"Pr\u00e9sentation du Groupe"},"content":{"rendered":"<div class=\"wp-block-columns has-2-columns\">\n<div class=\"wp-block-column\">\n<p><strong><em>LES MUSICIENS<\/em><\/strong> :<\/p>\n<ul>\n<li>Chant : Kristelle<\/li>\n<li>Trompettes\u00a0: Xavier (<em><strong>Direction Musicale<\/strong><\/em>) , Paul, Jacques, Florent, Maxime<\/li>\n<li>Saxophone T\u00e9nor : Arnaud, Jean-Fran\u00e7ois<\/li>\n<li>Saxophones Alto : Herv\u00e9, Pierre-Henri<\/li>\n<li>Saxophones Baryton &amp; Clarinette : Patrick<\/li>\n<li>Trombones : Chantal, Philippe,Guillaume<\/li>\n<li>Piano : Sylvie<\/li>\n<li>Basse\u00a0: Ga\u00ebl<\/li>\n<li>Batterie : Ren\u00e9<\/li>\n<\/ul>\n<div class=\"wp-block-column\">\n<p><em><strong>EXTRAITs :<\/strong><\/em><br \/>\n<em><a style=\"color: #0000ff;\" href=\"https:\/\/www.youtube.com\/channel\/UCZ2iZtRIm1FTpXUvoPBvRpA\" target=\"_blank\" rel=\"noopener\">Le Bazic JazzBand sur You Tube<\/a><\/em><\/p>\n<p>https:\/\/youtu.be\/4scQkt0zhdk<\/p>\n<p><strong>EXTRAITS AUDIO :<\/strong><\/p>\n<!--[if lt IE 9]><script>document.createElement('audio');<\/script><![endif]-->\n<audio class=\"wp-audio-shortcode\" id=\"audio-35-1\" preload=\"auto\" style=\"width: 100%;\" controls=\"controls\"><source type=\"audio\/mpeg\" src=\"http:\/\/bazicjazzband.fr\/wp-content\/uploads\/2018\/12\/Mix_BZB_2018_1.mp3?_=1\" \/><a href=\"http:\/\/bazicjazzband.fr\/wp-content\/uploads\/2018\/12\/Mix_BZB_2018_1.mp3\">http:\/\/bazicjazzband.fr\/wp-content\/uploads\/2018\/12\/Mix_BZB_2018_1.mp3<\/a><\/audio>\n<p>Incluant :<em>All of Me, SkyFall,A day in the life of a fool, Harlem Nocture, Cold Duck Time, Baby Won&#8217;t you please come home<\/em><\/p>\n<p>Retrouver nos extraits VId\u00e9os et Audios sur You Tube en suivant ce lien :\u00a0<em><a href=\"https:\/\/www.youtube.com\/channel\/UCZ2iZtRIm1FTpXUvoPBvRpA\" target=\"_blank\" rel=\"noreferrer noopener\">Le Bazic JazzBand sur You Tube<\/a><\/em><\/p>\n<p><strong>Notre R\u00e9pertoire<\/strong><br \/>\n(<em>Liste non exhaustive<\/em>\u2026):<\/p>\n<p>. Sing sing sing (Louis Prima)<br \/>\n. Sky fall (Adele &#8211; B.O)<br \/>\n. Don&#8217;t know why (Norah Jones)<br \/>\n. A day in the life of a fool (Franck Sinatra)<br \/>\n. Mood Indigo (Duke Ellington))<br \/>\n. Harlem Nocture (Earle Hagen)<br \/>\n. All of me (S.Simons &amp; G.Marks)<br \/>\n. No moon at all (R.Evans &amp; D.Mann)<br \/>\n. Mr Zoot Suit (M.Cally)<br \/>\n. Feeling good (L.Bricusse &amp; A.Newley)<br \/>\n. Peter Gunn (Henry Mancini)<br \/>\n. Boogie Woogie Bugle Boy (D.Raye &amp; H.Prince)<br \/>\n. Cold Duck Time (Eddie Harris)<br \/>\n. Hallelujah I love her so (Ray Charles)<br \/>\n. Cold Duck Time (Eddie Harris)<\/p>\n<p>\u2026 Ainsi que bien d&#8217;autres.<\/p>\n<\/div>\n<\/div>\n<\/div>\n","protected":false},"excerpt":{"rendered":"<p>LES MUSICIENS : Chant : Kristelle Trompettes\u00a0: Xavier (Direction Musicale) , Paul, Jacques, Florent, Maxime Saxophone T\u00e9nor : Arnaud, Jean-Fran\u00e7ois Saxophones Alto : Herv\u00e9, Pierre-Henri Saxophones Baryton &amp; Clarinette : [&hellip;]<\/p>\n","protected":false},"author":1,"featured_media":0,"parent":0,"menu_order":0,"comment_status":"closed","ping_status":"closed","template":"","meta":{"_price":"","_stock":"","_tribe_ticket_header":"","_tribe_default_ticket_provider":"","_tribe_ticket_capacity":"0","_ticket_start_date":"","_ticket_end_date":"","_tribe_ticket_show_description":"","_tribe_ticket_show_not_going":false,"_tribe_ticket_use_global_stock":"","_tribe_ticket_global_stock_level":"","_global_stock_mode":"","_global_stock_cap":"","_tribe_rsvp_for_event":"","_tribe_ticket_going_count":"","_tribe_ticket_not_going_count":"","_tribe_tickets_list":"[]","_tribe_ticket_has_attendee_info_fields":false,"footnotes":"","_tec_slr_enabled":"","_tec_slr_layout":""},"class_list":["post-35","page","type-page","status-publish","hentry"],"ticketed":false,"_links":{"self":[{"href":"https:\/\/bazicjazzband.fr\/index.php\/wp-json\/wp\/v2\/pages\/35","targetHints":{"allow":["GET"]}}],"collection":[{"href":"https:\/\/bazicjazzband.fr\/index.php\/wp-json\/wp\/v2\/pages"}],"about":[{"href":"https:\/\/bazicjazzband.fr\/index.php\/wp-json\/wp\/v2\/types\/page"}],"author":[{"embeddable":true,"href":"https:\/\/bazicjazzband.fr\/index.php\/wp-json\/wp\/v2\/users\/1"}],"replies":[{"embeddable":true,"href":"https:\/\/bazicjazzband.fr\/index.php\/wp-json\/wp\/v2\/comments?post=35"}],"version-history":[{"count":13,"href":"https:\/\/bazicjazzband.fr\/index.php\/wp-json\/wp\/v2\/pages\/35\/revisions"}],"predecessor-version":[{"id":165,"href":"https:\/\/bazicjazzband.fr\/index.php\/wp-json\/wp\/v2\/pages\/35\/revisions\/165"}],"wp:attachment":[{"href":"https:\/\/bazicjazzband.fr\/index.php\/wp-json\/wp\/v2\/media?parent=35"}],"curies":[{"name":"wp","href":"https:\/\/api.w.org\/{rel}","templated":true}]}}