{"id":33,"date":"2019-01-18T20:33:00","date_gmt":"2019-01-18T19:33:00","guid":{"rendered":"http:\/\/bazicjazzband.fr\/?page_id=33"},"modified":"2025-02-13T21:33:39","modified_gmt":"2025-02-13T20:33:39","slug":"mentions-legales","status":"publish","type":"page","link":"https:\/\/bazicjazzband.fr\/index.php\/mentions-legales\/","title":{"rendered":"Mentions L\u00e9gales"},"content":{"rendered":"<p><strong>Le site http:\/\/bazicjazzband.fr\/ est \u00e9dit\u00e9 par :<\/strong><\/p>\n<p>Association des COMPAGNONS DE LA MUSIQUE<br \/>\n56 Porte d&#8217;Engraille<br \/>\n31450 BAZIEGE<br \/>\nbazicjazzband@gmail.com<\/p>\n<p><strong>Le site http:\/\/bazicjazzband.fr\/\u00a0est h\u00e9berg\u00e9 par :<\/strong><\/p>\n<p>OVH<br \/>\nRCS Roubaix \u2013 Tourcoing 424 761 419 00045<br \/>\nSi\u00e8ge social : 2 rue Kellermann<br \/>\n59100 Roubaix \u2013 France<\/p>\n<p><strong>Conditions d\u2019utilisation du site<\/strong><\/p>\n<p>L\u2019utilisation du site\u00a0<strong>http:\/\/bazicjazzband.fr\/<\/strong>\u00a0est soumise au respect des conditions g\u00e9n\u00e9rales d\u00e9crites ci-apr\u00e8s. En acc\u00e9dant au site\u00a0<strong>http:\/\/bazicjazzband.fr\/<\/strong>\u00a0vous d\u00e9clarez avoir pris connaissance et avoir accept\u00e9, sans la moindre r\u00e9serve, ces conditions g\u00e9n\u00e9rales d\u2019utilisation.<\/p>\n<p><strong>Acc\u00e8s au site<\/strong><\/p>\n<p>L\u2019acc\u00e8s au site\u00a0<strong>http:\/\/bazicjazzband.fr\/<\/strong>\u00a0est possible 24 heures sur 24, 7 jours sur 7, sauf en cas de force majeure ou d\u2019un \u00e9v\u00e9nement hors du contr\u00f4le de l\u2019association \u00a0et sous r\u00e9serve des \u00e9ventuelles pannes et interventions de maintenance n\u00e9cessaires au bon fonctionnement du site\u00a0<strong>http:\/\/bazicjazzband.fr\/\u00a0<\/strong>et des mat\u00e9riels aff\u00e9rents.<\/p>\n<p><strong>Contenu du site<\/strong><\/p>\n<p>Le BazicJazzBand met \u00e0 disposition des utilisateurs du site\u00a0<strong>http:\/\/bazicjazzband.fr\/<\/strong>\u00a0des informations disponibles et v\u00e9rifi\u00e9es, mais elle ne saurait \u00eatre tenue pour responsable de l\u2019indisponibilit\u00e9 de certaines informations.<br \/>\nDe plus, aucune garantie n\u2019est donn\u00e9e quant \u00e0 l\u2019exactitude, la pr\u00e9cision ou l\u2019exhaustivit\u00e9 des informations mises \u00e0 disposition sur le site\u00a0<strong>http:\/\/bazicjazzband.fr\/<\/strong><br \/>\nLe BazicJazzBand se r\u00e9serve le droit de modifier et\/ou de supprimer sans pr\u00e9avis tout ou partie de son site\u00a0<strong>http:\/\/bazicjazzband.fr\/<\/strong><\/p>\n<p><strong>Propri\u00e9t\u00e9<\/strong><\/p>\n<p>Tous les \u00e9l\u00e9ments (textes, logos, images, \u00e9l\u00e9ments sonores, logiciels, ic\u00f4nes, mise en page, base de donn\u00e9es,\u2026) contenus dans le site\u00a0<strong>http:\/\/bazicjazzband.fr\/<\/strong>\u00a0sont prot\u00e9g\u00e9s par le droit national et international de la propri\u00e9t\u00e9 intellectuelle.<br \/>\nCes \u00e9l\u00e9ments restent la propri\u00e9t\u00e9 exclusive de BazicJazzBand.<br \/>\nA ce titre, sauf autorisation pr\u00e9alable et \u00e9crite de BazicJazzBand, proc\u00e9der \u00e0 une quelconque reproduction, repr\u00e9sentation, adaptation, traduction et\/ou transformation partielle ou int\u00e9grale, ou un transfert sur un autre site web de tout \u00e9l\u00e9ment composant le site\u00a0<strong>http:\/\/bazicjazzband.fr\/<\/strong>.<br \/>\nConform\u00e9ment aux dispositions du Code de la propri\u00e9t\u00e9 Intellectuelle, seule est autoris\u00e9e l\u2019utilisation des \u00e9l\u00e9ments composant le site <strong>bazicjazzband.fr\/<\/strong>\u00a0\u00e0 des fins strictement personnelles.<\/p>\n<p><strong>Marques<\/strong><\/p>\n<p>Toute reproduction, r\u00e9\u00e9dition ou redistribution des noms ou logos, par quelque moyen que ce soit, sans autorisation pr\u00e9alable et \u00e9crite de leur titulaire concern\u00e9 est interdite.<\/p>\n<p><strong>Liens hypertextes<\/strong><\/p>\n<p>Les liens hypertextes mis en place dans le cadre du pr\u00e9sent site web :\u00a0<strong>http:\/\/bazicjazzband.fr\/<\/strong>\u00a0en direction d\u2019autres ressources pr\u00e9sentes sur le r\u00e9seau Internet, ne sauraient engager la responsabilit\u00e9 de BazicJazzBand.<br \/>\nBazicJazzBand d\u00e9cline \u00e9galement toute responsabilit\u00e9 en ce qui concerne le contenu et la pertinence des informations donn\u00e9es des sites \u00e9dit\u00e9s par des tiers et accessibles depuis le site\u00a0<strong>http:\/\/bazicjazzband.fr\/<\/strong>par des liens hypertextes.<\/p>\n<p>Loi du 6 janvier 1978 relative \u00e0 l\u2019informatique et aux libert\u00e9s Conform\u00e9ment \u00e0 la Loi, le site\u00a0<strong>http:\/\/bazicjazzband.fr\/ <\/strong>a fait l\u2019objet d\u2019une d\u00e9claration de traitement automatis\u00e9 d\u2019informations nominatives aupr\u00e8s de la CNIL.<\/p>\n<p>Vous disposez d\u2019un droit d\u2019acc\u00e8s, de rectification et de suppression des informations personnelles vous concernant que vous pouvez exercer \u00e0 tout moment en \u00e9crivant \u00e0 l&#8217;adresse suivante : contact@bazicjazzband.fr<\/p>\n","protected":false},"excerpt":{"rendered":"<p>Le site http:\/\/bazicjazzband.fr\/ est \u00e9dit\u00e9 par : Association des COMPAGNONS DE LA MUSIQUE 56 Porte d&#8217;Engraille 31450 BAZIEGE bazicjazzband@gmail.com Le site http:\/\/bazicjazzband.fr\/\u00a0est h\u00e9berg\u00e9 par : OVH RCS Roubaix \u2013 Tourcoing [&hellip;]<\/p>\n","protected":false},"author":1,"featured_media":0,"parent":0,"menu_order":0,"comment_status":"closed","ping_status":"closed","template":"","meta":{"_price":"","_stock":"","_tribe_ticket_header":"","_tribe_default_ticket_provider":"","_tribe_ticket_capacity":"0","_ticket_start_date":"","_ticket_end_date":"","_tribe_ticket_show_description":"","_tribe_ticket_show_not_going":false,"_tribe_ticket_use_global_stock":"","_tribe_ticket_global_stock_level":"","_global_stock_mode":"","_global_stock_cap":"","_tribe_rsvp_for_event":"","_tribe_ticket_going_count":"","_tribe_ticket_not_going_count":"","_tribe_tickets_list":"[]","_tribe_ticket_has_attendee_info_fields":false,"footnotes":"","_tec_slr_enabled":"","_tec_slr_layout":""},"class_list":["post-33","page","type-page","status-publish","hentry"],"ticketed":false,"_links":{"self":[{"href":"https:\/\/bazicjazzband.fr\/index.php\/wp-json\/wp\/v2\/pages\/33","targetHints":{"allow":["GET"]}}],"collection":[{"href":"https:\/\/bazicjazzband.fr\/index.php\/wp-json\/wp\/v2\/pages"}],"about":[{"href":"https:\/\/bazicjazzband.fr\/index.php\/wp-json\/wp\/v2\/types\/page"}],"author":[{"embeddable":true,"href":"https:\/\/bazicjazzband.fr\/index.php\/wp-json\/wp\/v2\/users\/1"}],"replies":[{"embeddable":true,"href":"https:\/\/bazicjazzband.fr\/index.php\/wp-json\/wp\/v2\/comments?post=33"}],"version-history":[{"count":3,"href":"https:\/\/bazicjazzband.fr\/index.php\/wp-json\/wp\/v2\/pages\/33\/revisions"}],"predecessor-version":[{"id":162,"href":"https:\/\/bazicjazzband.fr\/index.php\/wp-json\/wp\/v2\/pages\/33\/revisions\/162"}],"wp:attachment":[{"href":"https:\/\/bazicjazzband.fr\/index.php\/wp-json\/wp\/v2\/media?parent=33"}],"curies":[{"name":"wp","href":"https:\/\/api.w.org\/{rel}","templated":true}]}}