{"id":12,"date":"2019-01-18T18:30:18","date_gmt":"2019-01-18T17:30:18","guid":{"rendered":"http:\/\/bazicjazzband.fr\/?page_id=12"},"modified":"2025-02-13T21:28:42","modified_gmt":"2025-02-13T20:28:42","slug":"accueil","status":"publish","type":"page","link":"https:\/\/bazicjazzband.fr\/","title":{"rendered":"Accueil"},"content":{"rendered":"\n<h2 class=\"wp-block-heading has-text-align-center\"><em><mark style=\"background-color:rgba(0, 0, 0, 0)\" class=\"has-inline-color has-vivid-red-color\">EVENEMENT 2025<\/mark><\/em><\/h2>\n\n\n\n<p class=\"has-text-align-center\">Suite au succ\u00e8s rencontr\u00e9 l&#8217;ann\u00e9e derni\u00e8re, le <em><strong>Bazic<em>\u00a0JazzBa<\/em>nd<\/strong><\/em> organise le<strong><em> Samedi 29 Mars<\/em><\/strong>, une nouvelle \u00e9dition du &#8220;<strong><em>Jazzy&#8217;n Baziege<\/em><\/strong>&#8221; avec la participation du <em><strong><a href=\"https:\/\/www.bbbjazz31.fr\/\" data-type=\"link\" data-id=\"https:\/\/www.bbbjazz31.fr\/\">Bohemian Big Band.<\/a><\/strong><\/em><\/p>\n\n\n<div class=\"wp-block-image\">\n<figure class=\"aligncenter size-full\"><img loading=\"lazy\" decoding=\"async\" width=\"123\" height=\"170\" src=\"https:\/\/bazicjazzband.fr\/wp-content\/uploads\/2025\/02\/image.png\" alt=\"\" class=\"wp-image-158\"\/><\/figure><\/div>\n\n\n<p class=\"has-text-align-center\">Entr\u00e9e Libre (Au bon vouloir de chacun de vous), Espace Buvette lors de l&#8217;Entracte ainsi qu&#8217;un Espace &#8220;<em>Danse<\/em>&#8221; pour ceux qui souhaiteraient se d\u00e9gourdir les jambes en rythme en accompagnant l&#8217;Association <br><strong>Danse \u00e0 deux<\/strong> de Bazi\u00e8ge .<\/p>\n\n\n\n<p class=\"has-text-align-center has-medium-font-size\"><strong>R\u00e9servez votre soir\u00e9e du 29 Mars 2025 \u00e0 Bazi\u00e8ge<\/strong><\/p>\n\n\n<div class=\"wp-block-image\">\n<figure class=\"aligncenter size-large is-resized\"><img loading=\"lazy\" decoding=\"async\" width=\"1024\" height=\"919\" src=\"http:\/\/bazicjazzband.fr\/wp-content\/uploads\/2023\/02\/Logo_Site_BJB-1024x919.jpg\" alt=\"\" class=\"wp-image-127\" style=\"aspect-ratio:1.1130434782608696;width:301px;height:auto\" srcset=\"https:\/\/bazicjazzband.fr\/wp-content\/uploads\/2023\/02\/Logo_Site_BJB-1024x919.jpg 1024w, https:\/\/bazicjazzband.fr\/wp-content\/uploads\/2023\/02\/Logo_Site_BJB-300x269.jpg 300w, https:\/\/bazicjazzband.fr\/wp-content\/uploads\/2023\/02\/Logo_Site_BJB-768x689.jpg 768w, https:\/\/bazicjazzband.fr\/wp-content\/uploads\/2023\/02\/Logo_Site_BJB-1536x1379.jpg 1536w, https:\/\/bazicjazzband.fr\/wp-content\/uploads\/2023\/02\/Logo_Site_BJB.jpg 1932w\" sizes=\"auto, (max-width: 1024px) 100vw, 1024px\" \/><\/figure><\/div>\n\n\n<p class=\"has-text-align-center\">_________________________<\/p>\n\n\n<p>Le <em><strong>Bazic<em>\u00a0JazzBa<\/em>nd<\/strong><\/em> , situ\u00e9 \u00e0 Bazi\u00e8ge (Sud-Est de Toulouse), est un collectif de musiciens amateurs. Nous jouons avons \u00e0 coeur de jouer pour notre plaisir\u2026 et le v\u00f4tre !<\/p>\n<p>Chant, Piano, Batterie, Guitare, Basse, Trompettes, Saxophones et Trombones, le <em><strong>Bazic\u00a0JazzBand<\/strong><\/em>\u00a0interpr\u00e8te (et improvise sur) des standards de jazz, pour mettre en musique vos \u00e9v\u00e8nements professionnels, familiaux ou amicaux\u2026<\/p>\n<p>\u00a0<\/p>\n<p>Faites-vous une id\u00e9e en \u00e9coutant quelques standards sur notre\u00a0playlists\u2026 En attendant que tout cela soit pr\u00eat, une petite mise en bouche&#8230;Retrouver nos extraits VId\u00e9os et Audios sur You Tube en suivant ce lien :<br \/><em><a style=\"color: #0000ff;\" href=\"https:\/\/www.youtube.com\/channel\/UCZ2iZtRIm1FTpXUvoPBvRpA\" target=\"_blank\" rel=\"noopener\">Le Bazic JazzBand sur You Tube<\/a><\/em><\/p>\n<p>Alors si cela vous plait alors une solution :\u00a0<a href=\"bazicjazzband@gmail.com\" target=\"_blank\" rel=\"noopener\">bazicjazzband@gmail.com<\/a><\/p>","protected":false},"excerpt":{"rendered":"<p>EVENEMENT 2025 Suite au succ\u00e8s rencontr\u00e9 l&#8217;ann\u00e9e derni\u00e8re, le Bazic\u00a0JazzBand organise le Samedi 29 Mars, une nouvelle \u00e9dition du &#8220;Jazzy&#8217;n Baziege&#8221; avec la participation du Bohemian Big Band. Entr\u00e9e Libre [&hellip;]<\/p>\n","protected":false},"author":1,"featured_media":0,"parent":0,"menu_order":0,"comment_status":"closed","ping_status":"closed","template":"","meta":{"_price":"","_stock":"","_tribe_ticket_header":"","_tribe_default_ticket_provider":"","_tribe_ticket_capacity":"0","_ticket_start_date":"","_ticket_end_date":"","_tribe_ticket_show_description":"","_tribe_ticket_show_not_going":false,"_tribe_ticket_use_global_stock":"","_tribe_ticket_global_stock_level":"","_global_stock_mode":"","_global_stock_cap":"","_tribe_rsvp_for_event":"","_tribe_ticket_going_count":"","_tribe_ticket_not_going_count":"","_tribe_tickets_list":"[]","_tribe_ticket_has_attendee_info_fields":false,"footnotes":"","_tec_slr_enabled":"","_tec_slr_layout":""},"class_list":["post-12","page","type-page","status-publish","hentry"],"ticketed":false,"_links":{"self":[{"href":"https:\/\/bazicjazzband.fr\/index.php\/wp-json\/wp\/v2\/pages\/12","targetHints":{"allow":["GET"]}}],"collection":[{"href":"https:\/\/bazicjazzband.fr\/index.php\/wp-json\/wp\/v2\/pages"}],"about":[{"href":"https:\/\/bazicjazzband.fr\/index.php\/wp-json\/wp\/v2\/types\/page"}],"author":[{"embeddable":true,"href":"https:\/\/bazicjazzband.fr\/index.php\/wp-json\/wp\/v2\/users\/1"}],"replies":[{"embeddable":true,"href":"https:\/\/bazicjazzband.fr\/index.php\/wp-json\/wp\/v2\/comments?post=12"}],"version-history":[{"count":26,"href":"https:\/\/bazicjazzband.fr\/index.php\/wp-json\/wp\/v2\/pages\/12\/revisions"}],"predecessor-version":[{"id":159,"href":"https:\/\/bazicjazzband.fr\/index.php\/wp-json\/wp\/v2\/pages\/12\/revisions\/159"}],"wp:attachment":[{"href":"https:\/\/bazicjazzband.fr\/index.php\/wp-json\/wp\/v2\/media?parent=12"}],"curies":[{"name":"wp","href":"https:\/\/api.w.org\/{rel}","templated":true}]}}